{"id":17539,"date":"2018-06-13T12:16:41","date_gmt":"2018-06-13T12:16:41","guid":{"rendered":"https:\/\/www.thecandyshop.ro\/about-us\/"},"modified":"2025-10-14T13:11:22","modified_gmt":"2025-10-14T10:11:22","slug":"ce-facem","status":"publish","type":"page","link":"https:\/\/www.thecandyshop.ro\/ro\/ce-facem\/","title":{"rendered":"Ce facem"},"content":{"rendered":"<p>[vc_row css_animation=&#8221;&#8221; row_type=&#8221;row&#8221; use_row_as_full_screen_section=&#8221;no&#8221; type=&#8221;grid&#8221; anchor=&#8221;portfolio&#8221; angled_section=&#8221;no&#8221; text_align=&#8221;left&#8221; background_image_as_pattern=&#8221;without_pattern&#8221; padding_top=&#8221;58&#8243; padding_bottom=&#8221;0&#8243; z_index=&#8221;&#8221; el_class=&#8221;home-section content-wrap&#8221;][vc_column][vc_separator type=&#8221;transparent&#8221; up=&#8221;40&#8243;][vc_row_inner row_type=&#8221;row&#8221; type=&#8221;full_width&#8221; text_align=&#8221;left&#8221; css_animation=&#8221;&#8221; el_class=&#8221;content&#8211;layout content&#8211;layout-2&#8243;][vc_column_inner width=&#8221;1\/2&#8243;][vc_separator type=&#8221;transparent&#8221; up=&#8221;10&#8243; down=&#8221;0&#8243;][vc_single_image image=&#8221;17251&#8243; img_size=&#8221;full&#8221; alignment=&#8221;center&#8221; qode_css_animation=&#8221;element_from_right&#8221; transition_delay=&#8221;0.4&#8243;][vc_separator type=&#8221;transparent&#8221; up=&#8221;100&#8243; down=&#8221;0&#8243;][\/vc_column_inner][vc_column_inner width=&#8221;1\/2&#8243;][vc_column_text]<\/p>\n<h2>PUBLICITATE<\/h2>\n<p>[\/vc_column_text][vc_separator type=&#8221;transparent&#8221; up=&#8221;13&#8243; down=&#8221;8&#8243;][vc_column_text]Publicitatea \u00eenseamn\u0103 s\u0103 spui pove\u0219ti! Publicitatea \u00eenseamn\u0103 s\u0103 conversezi clientul!<\/p>\n<p>Ne concentr\u0103m pe crearea de con\u021binut vizual vizual interesant \u0219i conving\u0103tor, care spune pove\u0219ti \u0219i converte\u0219te! Facem acest lucru prin parteneriatul cu clien\u021bii, \u00een\u021beleg\u00e2nd situa\u021bia \u0219i provoc\u0103rile acestora \u00een ceea ce prive\u0219te ruperea barierelor \u0219i a concuren\u021bei din prezent. Credem \u00een nivelul ridicat al serviciilor \u0219i colabor\u0103rii clien\u021bilor!<\/p>\n<p>Experien\u021ba noastr\u0103 este s\u0103 livr\u0103m proiecte la cheie pentru obiective comerciale, de business sau de divertisment.<\/p>\n<p>Suntem \u0219i pasionati de tehnologie. Pasiunea noastr\u0103 se imbina cu inova\u021bia tehnic\u0103, abilit\u0103\u021bile \u0219i expertiza echipei pentru a oferi cel mai bun rezultat de care suntem capabili. Oferim calitate, vitez\u0103 \u0219i eficien\u021b\u0103.[\/vc_column_text][vc_separator type=&#8221;transparent&#8221; up=&#8221;35&#8243; down=&#8221;0&#8243;][\/vc_column_inner][\/vc_row_inner][\/vc_column][\/vc_row][vc_row css_animation=&#8221;&#8221; row_type=&#8221;row&#8221; use_row_as_full_screen_section=&#8221;no&#8221; type=&#8221;grid&#8221; anchor=&#8221;portfolio&#8221; angled_section=&#8221;no&#8221; text_align=&#8221;left&#8221; background_image_as_pattern=&#8221;without_pattern&#8221; padding_top=&#8221;0&#8243; padding_bottom=&#8221;0&#8243; z_index=&#8221;&#8221; el_class=&#8221;home-section content-wrap&#8221;][vc_column][vc_row_inner row_type=&#8221;row&#8221; type=&#8221;full_width&#8221; text_align=&#8221;left&#8221; css_animation=&#8221;&#8221; el_class=&#8221;content&#8211;layout content&#8211;layout-4&#8243;][vc_column_inner width=&#8221;1\/2&#8243;][vc_column_text]<\/p>\n<h2>AUDIO<\/h2>\n<p>[\/vc_column_text][vc_separator type=&#8221;transparent&#8221; up=&#8221;13&#8243; down=&#8221;8&#8243;][vc_column_text]Indiferent de num\u0103rul de canale sau surse de inregistrare, inginerii no\u0219tri de sunet sunt capabili s\u0103 le \u00eembine \u00een combinatii minunate, pline de emo\u021bie.<\/p>\n<p>De la reclame la emisiuni TV sau chiar dublarea filmelor, scopul nostru este de a atinge inima publicului \u0219i de a-l implica dincolo de nivelul spectatorului. Acesta este motivul pentru care ne concentr\u0103m asupra educ\u0103rii creativit\u0103\u021bii prin formare continu\u0103 \u00een editarea si mixajul sunetului.[\/vc_column_text][\/vc_column_inner][vc_column_inner width=&#8221;1\/2&#8243;][vc_separator type=&#8221;transparent&#8221; up=&#8221;10&#8243; down=&#8221;0&#8243;][vc_single_image image=&#8221;16870&#8243; img_size=&#8221;full&#8221; alignment=&#8221;center&#8221; qode_css_animation=&#8221;element_from_right&#8221; transition_delay=&#8221;0.4&#8243;][vc_separator type=&#8221;transparent&#8221; up=&#8221;100&#8243; down=&#8221;0&#8243;][\/vc_column_inner][\/vc_row_inner][vc_separator type=&#8221;transparent&#8221; up=&#8221;35&#8243; down=&#8221;0&#8243;][\/vc_column][\/vc_row][vc_row css_animation=&#8221;&#8221; row_type=&#8221;row&#8221; use_row_as_full_screen_section=&#8221;no&#8221; type=&#8221;grid&#8221; anchor=&#8221;portfolio&#8221; angled_section=&#8221;no&#8221; text_align=&#8221;left&#8221; background_image_as_pattern=&#8221;without_pattern&#8221; padding_top=&#8221;0&#8243; padding_bottom=&#8221;0&#8243; z_index=&#8221;&#8221; el_class=&#8221;home-section content-wrap&#8221;][vc_column][vc_row_inner row_type=&#8221;row&#8221; type=&#8221;full_width&#8221; text_align=&#8221;left&#8221; css_animation=&#8221;&#8221; el_class=&#8221;content&#8211;layout content&#8211;layout-3&#8243;][vc_column_inner width=&#8221;1\/2&#8243;][vc_separator type=&#8221;transparent&#8221; up=&#8221;10&#8243; down=&#8221;0&#8243;][vc_single_image image=&#8221;17236&#8243; img_size=&#8221;full&#8221; alignment=&#8221;center&#8221; qode_css_animation=&#8221;element_from_right&#8221; transition_delay=&#8221;0.4&#8243;][vc_separator type=&#8221;transparent&#8221; up=&#8221;100&#8243; down=&#8221;0&#8243;][\/vc_column_inner][vc_column_inner width=&#8221;1\/2&#8243;][vc_column_text]<\/p>\n<h2>VIDEO<\/h2>\n<p>[\/vc_column_text][vc_separator type=&#8221;transparent&#8221; up=&#8221;13&#8243; down=&#8221;8&#8243;][vc_column_text]&#8230; \u0219i nu doar spoturi video frumoase, ci spoturi care spun o poveste \u0219i ne ajut\u0103 s\u0103 atingem obiectivul creativ!<\/p>\n<p>Se spune c\u0103 &#8222;Dac\u0103 o fotografie valoreaz\u0103 o mie de cuvinte, un spot video valoreaz\u0103 un milion!&#8221;<\/p>\n<p>Ei bine &#8230; e corect. Acesta este motivul pentru care de\u021binem un portofoliu de milioane de euro, dezvoltat \u00een peste 15 ani de experien\u021b\u0103 \u0219i construit de echipa noastr\u0103 de editori talenta\u021bi.[\/vc_column_text][vc_separator type=&#8221;transparent&#8221; up=&#8221;35&#8243; down=&#8221;0&#8243;][\/vc_column_inner][\/vc_row_inner][\/vc_column][\/vc_row][vc_row css_animation=&#8221;&#8221; row_type=&#8221;row&#8221; use_row_as_full_screen_section=&#8221;no&#8221; type=&#8221;grid&#8221; anchor=&#8221;portfolio&#8221; angled_section=&#8221;no&#8221; text_align=&#8221;left&#8221; background_image_as_pattern=&#8221;without_pattern&#8221; padding_top=&#8221;0&#8243; padding_bottom=&#8221;0&#8243; z_index=&#8221;&#8221; el_class=&#8221;home-section content-wrap&#8221;][vc_column][vc_row_inner row_type=&#8221;row&#8221; type=&#8221;full_width&#8221; text_align=&#8221;left&#8221; css_animation=&#8221;&#8221; el_class=&#8221;content&#8211;layout content&#8211;layout-1&#8243;][vc_column_inner width=&#8221;1\/2&#8243;][vc_column_text]<\/p>\n<h2>MUZICA ORIGINALA<\/h2>\n<p>[\/vc_column_text][vc_separator type=&#8221;transparent&#8221; up=&#8221;13&#8243; down=&#8221;8&#8243;][vc_column_text]Afacerea noastr\u0103 a \u00eenceput acum 20 de ani, ca \u201eboutique de produc\u021bie muzical\u0103\u201d. De atunci, am produs mai mult de 600 de minute de muzica originala pentru film \u0219i reclame. Am lucrat pentru numeroase agen\u021bii de publicitate \u0219i clien\u021bi directi, iar muzica noastr\u0103 a \u00eembun\u0103t\u0103\u021bit o mul\u021bime de reclame, filme corporative, precum \u0219i seriale TV.[\/vc_column_text][vc_separator type=&#8221;transparent&#8221; up=&#8221;35&#8243; down=&#8221;0&#8243;][\/vc_column_inner][vc_column_inner width=&#8221;1\/2&#8243;][vc_separator type=&#8221;transparent&#8221; up=&#8221;10&#8243; down=&#8221;0&#8243;][vc_single_image image=&#8221;16874&#8243; img_size=&#8221;full&#8221; alignment=&#8221;center&#8221; qode_css_animation=&#8221;element_from_right&#8221; transition_delay=&#8221;0.4&#8243;][vc_separator type=&#8221;transparent&#8221; up=&#8221;100&#8243; down=&#8221;0&#8243;][\/vc_column_inner][\/vc_row_inner][\/vc_column][\/vc_row][vc_row css_animation=&#8221;&#8221; row_type=&#8221;row&#8221; use_row_as_full_screen_section=&#8221;no&#8221; type=&#8221;full_width&#8221; angled_section=&#8221;no&#8221; text_align=&#8221;left&#8221; background_image_as_pattern=&#8221;without_pattern&#8221;][vc_column]<a  itemprop=\"url\" href=\"http:\/\/thecandyshop.ro\/ro\/contact\/\" target=\"_self\" data-hover-background-color=#fbbe29 data-hover-border-color=#ffffff data-hover-color=#ffffff class=\"qbutton  large center default homebutton-centered\" style=\"color: #ffffff; border-color: #ffffff; margin: 40px 0 0 0; border-radius: 20px;-moz-border-radius: 20px;-webkit-border-radius: 20px; background-color: rgba(0,0,0,0.01);\">Cere o cotatie<\/a>[vc_separator type=&#8221;transparent&#8221; up=&#8221;0&#8243; down=&#8221;40&#8243;][\/vc_column][\/vc_row][vc_row css_animation=&#8221;&#8221; row_type=&#8221;row&#8221; use_row_as_full_screen_section=&#8221;no&#8221; type=&#8221;grid&#8221; anchor=&#8221;about-theteam&#8221; angled_section=&#8221;no&#8221; text_align=&#8221;left&#8221; background_image_as_pattern=&#8221;without_pattern&#8221; padding_top=&#8221;25&#8243; padding_bottom=&#8221;0&#8243; z_index=&#8221;&#8221; el_class=&#8221;home-section content-wrap poc&#8221;][vc_column el_class=&#8221;center-image&#8221;][vc_column_text el_class=&#8221;footer-proiect&#8221;]<\/p>\n<h3 style=\"text-align: center;\"><span style=\"color: #ffffff;\">Competitivi impreuna!<\/span><\/h3>\n<p>[\/vc_column_text][vc_separator type=&#8221;normal&#8221; color=&#8221;rgba(255,255,255,0.21)&#8221;][vc_column_text css=&#8221;.vc_custom_1601475195014{padding-top: 0px !important;}&#8221;]<\/p>\n<p style=\"text-align: center;\">&#8222;Solutie Inovativa &amp; Colaborativa pentru post productia audio-video<\/p>\n<p style=\"text-align: center;\">utilizand mecanisme de Inteligenta Artificiala&#8221;, cod SMIS 129405<\/p>\n<p>[\/vc_column_text][vc_separator type=&#8221;transparent&#8221; thickness=&#8221;20&#8243;][vc_row_inner row_type=&#8221;row&#8221; type=&#8221;full_width&#8221; text_align=&#8221;left&#8221; padding_top=&#8221;20&#8243; css_animation=&#8221;&#8221; css=&#8221;.vc_custom_1598287301227{padding-top: 10px !important;padding-right: 0px !important;padding-bottom: 10px !important;padding-left: 0px !important;background-color: rgba(255,255,255,0.28) !important;*background-color: rgb(255,255,255) !important;}&#8221;][vc_column_inner width=&#8221;1\/3&#8243;][vc_single_image image=&#8221;17878&#8243; alignment=&#8221;center&#8221; onclick=&#8221;custom_link&#8221; img_link_target=&#8221;_blank&#8221; qode_css_animation=&#8221;&#8221; link=&#8221;https:\/\/www.fonduri-ue.ro&#8221;][\/vc_column_inner][vc_column_inner width=&#8221;1\/3&#8243;][vc_single_image image=&#8221;17882&#8243; alignment=&#8221;center&#8221; onclick=&#8221;custom_link&#8221; img_link_target=&#8221;_blank&#8221; qode_css_animation=&#8221;&#8221; link=&#8221;https:\/\/www.fonduri-ue.ro&#8221;][\/vc_column_inner][vc_column_inner width=&#8221;1\/3&#8243;][vc_single_image image=&#8221;17880&#8243; img_size=&#8221;150&#215;150&#8243; alignment=&#8221;center&#8221; onclick=&#8221;custom_link&#8221; img_link_target=&#8221;_blank&#8221; qode_css_animation=&#8221;&#8221; link=&#8221;https:\/\/www.fonduri-ue.ro&#8221;][\/vc_column_inner][\/vc_row_inner][\/vc_column][\/vc_row]<\/p>\n","protected":false},"excerpt":{"rendered":"<p>[vc_row css_animation=&#8221;&#8221; row_type=&#8221;row&#8221; use_row_as_full_screen_section=&#8221;no&#8221; type=&#8221;grid&#8221; anchor=&#8221;portfolio&#8221; angled_section=&#8221;no&#8221; text_align=&#8221;left&#8221; background_image_as_pattern=&#8221;without_pattern&#8221; padding_top=&#8221;58&#8243; padding_bottom=&#8221;0&#8243; z_index=&#8221;&#8221; el_class=&#8221;home-section content-wrap&#8221;][vc_column][vc_separator type=&#8221;transparent&#8221; up=&#8221;40&#8243;][vc_row_inner row_type=&#8221;row&#8221; type=&#8221;full_width&#8221; text_align=&#8221;left&#8221; css_animation=&#8221;&#8221; el_class=&#8221;content&#8211;layout content&#8211;layout-2&#8243;][vc_column_inner width=&#8221;1\/2&#8243;][vc_separator type=&#8221;transparent&#8221; up=&#8221;10&#8243; down=&#8221;0&#8243;][vc_single_image image=&#8221;17251&#8243; img_size=&#8221;full&#8221; alignment=&#8221;center&#8221; qode_css_animation=&#8221;element_from_right&#8221; transition_delay=&#8221;0.4&#8243;][vc_separator type=&#8221;transparent&#8221; up=&#8221;100&#8243; down=&#8221;0&#8243;][\/vc_column_inner][vc_column_inner width=&#8221;1\/2&#8243;][vc_column_text] PUBLICITATE [\/vc_column_text][vc_separator type=&#8221;transparent&#8221; up=&#8221;13&#8243; down=&#8221;8&#8243;][vc_column_text]Publicitatea \u00eenseamn\u0103 s\u0103 spui pove\u0219ti! Publicitatea&#8230;<\/p>\n","protected":false},"author":1,"featured_media":0,"parent":0,"menu_order":0,"comment_status":"closed","ping_status":"closed","template":"full_width.php","meta":{"footnotes":""},"class_list":["post-17539","page","type-page","status-publish","hentry"],"yoast_head":"<!-- This site is optimized with the Yoast SEO plugin v27.2 - https:\/\/yoast.com\/product\/yoast-seo-wordpress\/ -->\n<title>Servicii de dublaj audio | Post-productie audio si video Europa de Est<\/title>\n<meta name=\"description\" content=\"Servicii de dublare | Post-productie audio si video Europa de Est | De la reclame la emisiuni TV sau dublare filme, ne propunem sa atingem inima publicului.\" \/>\n<meta name=\"robots\" content=\"index, follow, max-snippet:-1, max-image-preview:large, max-video-preview:-1\" \/>\n<link rel=\"canonical\" href=\"https:\/\/www.thecandyshop.ro\/ro\/ce-facem\/\" \/>\n<meta property=\"og:locale\" content=\"ro_RO\" \/>\n<meta property=\"og:type\" content=\"article\" \/>\n<meta property=\"og:title\" content=\"Servicii de dublaj audio | Post-productie audio si video Europa de Est\" \/>\n<meta property=\"og:description\" content=\"Servicii de dublare | Post-productie audio si video Europa de Est | De la reclame la emisiuni TV sau dublare filme, ne propunem sa atingem inima publicului.\" \/>\n<meta property=\"og:url\" content=\"https:\/\/www.thecandyshop.ro\/ro\/ce-facem\/\" \/>\n<meta property=\"og:site_name\" content=\"The Candy Shop\" \/>\n<meta property=\"article:modified_time\" content=\"2025-10-14T10:11:22+00:00\" \/>\n<meta name=\"twitter:card\" content=\"summary_large_image\" \/>\n<meta name=\"twitter:label1\" content=\"Timp estimat pentru citire\" \/>\n\t<meta name=\"twitter:data1\" content=\"3 minute\" \/>\n<script type=\"application\/ld+json\" class=\"yoast-schema-graph\">{\"@context\":\"https:\/\/schema.org\",\"@graph\":[{\"@type\":\"WebPage\",\"@id\":\"https:\/\/www.thecandyshop.ro\/ro\/ce-facem\/\",\"url\":\"https:\/\/www.thecandyshop.ro\/ro\/ce-facem\/\",\"name\":\"Servicii de dublaj audio | Post-productie audio si video Europa de Est\",\"isPartOf\":{\"@id\":\"https:\/\/www.thecandyshop.ro\/#website\"},\"datePublished\":\"2018-06-13T12:16:41+00:00\",\"dateModified\":\"2025-10-14T10:11:22+00:00\",\"description\":\"Servicii de dublare | Post-productie audio si video Europa de Est | De la reclame la emisiuni TV sau dublare filme, ne propunem sa atingem inima publicului.\",\"breadcrumb\":{\"@id\":\"https:\/\/www.thecandyshop.ro\/ro\/ce-facem\/#breadcrumb\"},\"inLanguage\":\"ro-RO\",\"potentialAction\":[{\"@type\":\"ReadAction\",\"target\":[\"https:\/\/www.thecandyshop.ro\/ro\/ce-facem\/\"]}]},{\"@type\":\"BreadcrumbList\",\"@id\":\"https:\/\/www.thecandyshop.ro\/ro\/ce-facem\/#breadcrumb\",\"itemListElement\":[{\"@type\":\"ListItem\",\"position\":1,\"name\":\"Home\",\"item\":\"https:\/\/www.thecandyshop.ro\/ro\/\"},{\"@type\":\"ListItem\",\"position\":2,\"name\":\"Ce facem\"}]},{\"@type\":\"WebSite\",\"@id\":\"https:\/\/www.thecandyshop.ro\/#website\",\"url\":\"https:\/\/www.thecandyshop.ro\/\",\"name\":\"The Candy Shop\",\"description\":\"\",\"potentialAction\":[{\"@type\":\"SearchAction\",\"target\":{\"@type\":\"EntryPoint\",\"urlTemplate\":\"https:\/\/www.thecandyshop.ro\/?s={search_term_string}\"},\"query-input\":{\"@type\":\"PropertyValueSpecification\",\"valueRequired\":true,\"valueName\":\"search_term_string\"}}],\"inLanguage\":\"ro-RO\"}]}<\/script>\n<!-- \/ Yoast SEO plugin. -->","yoast_head_json":{"title":"Servicii de dublaj audio | Post-productie audio si video Europa de Est","description":"Servicii de dublare | Post-productie audio si video Europa de Est | De la reclame la emisiuni TV sau dublare filme, ne propunem sa atingem inima publicului.","robots":{"index":"index","follow":"follow","max-snippet":"max-snippet:-1","max-image-preview":"max-image-preview:large","max-video-preview":"max-video-preview:-1"},"canonical":"https:\/\/www.thecandyshop.ro\/ro\/ce-facem\/","og_locale":"ro_RO","og_type":"article","og_title":"Servicii de dublaj audio | Post-productie audio si video Europa de Est","og_description":"Servicii de dublare | Post-productie audio si video Europa de Est | De la reclame la emisiuni TV sau dublare filme, ne propunem sa atingem inima publicului.","og_url":"https:\/\/www.thecandyshop.ro\/ro\/ce-facem\/","og_site_name":"The Candy Shop","article_modified_time":"2025-10-14T10:11:22+00:00","twitter_card":"summary_large_image","twitter_misc":{"Timp estimat pentru citire":"3 minute"},"schema":{"@context":"https:\/\/schema.org","@graph":[{"@type":"WebPage","@id":"https:\/\/www.thecandyshop.ro\/ro\/ce-facem\/","url":"https:\/\/www.thecandyshop.ro\/ro\/ce-facem\/","name":"Servicii de dublaj audio | Post-productie audio si video Europa de Est","isPartOf":{"@id":"https:\/\/www.thecandyshop.ro\/#website"},"datePublished":"2018-06-13T12:16:41+00:00","dateModified":"2025-10-14T10:11:22+00:00","description":"Servicii de dublare | Post-productie audio si video Europa de Est | De la reclame la emisiuni TV sau dublare filme, ne propunem sa atingem inima publicului.","breadcrumb":{"@id":"https:\/\/www.thecandyshop.ro\/ro\/ce-facem\/#breadcrumb"},"inLanguage":"ro-RO","potentialAction":[{"@type":"ReadAction","target":["https:\/\/www.thecandyshop.ro\/ro\/ce-facem\/"]}]},{"@type":"BreadcrumbList","@id":"https:\/\/www.thecandyshop.ro\/ro\/ce-facem\/#breadcrumb","itemListElement":[{"@type":"ListItem","position":1,"name":"Home","item":"https:\/\/www.thecandyshop.ro\/ro\/"},{"@type":"ListItem","position":2,"name":"Ce facem"}]},{"@type":"WebSite","@id":"https:\/\/www.thecandyshop.ro\/#website","url":"https:\/\/www.thecandyshop.ro\/","name":"The Candy Shop","description":"","potentialAction":[{"@type":"SearchAction","target":{"@type":"EntryPoint","urlTemplate":"https:\/\/www.thecandyshop.ro\/?s={search_term_string}"},"query-input":{"@type":"PropertyValueSpecification","valueRequired":true,"valueName":"search_term_string"}}],"inLanguage":"ro-RO"}]}},"_links":{"self":[{"href":"https:\/\/www.thecandyshop.ro\/ro\/wp-json\/wp\/v2\/pages\/17539","targetHints":{"allow":["GET"]}}],"collection":[{"href":"https:\/\/www.thecandyshop.ro\/ro\/wp-json\/wp\/v2\/pages"}],"about":[{"href":"https:\/\/www.thecandyshop.ro\/ro\/wp-json\/wp\/v2\/types\/page"}],"author":[{"embeddable":true,"href":"https:\/\/www.thecandyshop.ro\/ro\/wp-json\/wp\/v2\/users\/1"}],"replies":[{"embeddable":true,"href":"https:\/\/www.thecandyshop.ro\/ro\/wp-json\/wp\/v2\/comments?post=17539"}],"version-history":[{"count":8,"href":"https:\/\/www.thecandyshop.ro\/ro\/wp-json\/wp\/v2\/pages\/17539\/revisions"}],"predecessor-version":[{"id":18207,"href":"https:\/\/www.thecandyshop.ro\/ro\/wp-json\/wp\/v2\/pages\/17539\/revisions\/18207"}],"wp:attachment":[{"href":"https:\/\/www.thecandyshop.ro\/ro\/wp-json\/wp\/v2\/media?parent=17539"}],"curies":[{"name":"wp","href":"https:\/\/api.w.org\/{rel}","templated":true}]}}